{"id":180,"date":"2024-10-29T15:24:18","date_gmt":"2024-10-29T14:24:18","guid":{"rendered":"https:\/\/paraboleurs.com\/edition\/?post_type=product&#038;p=180"},"modified":"2024-11-26T14:25:44","modified_gmt":"2024-11-26T13:25:44","slug":"peluche-babayagagogo","status":"publish","type":"product","link":"https:\/\/paraboleurs.com\/edition\/produit\/peluche-babayagagogo\/","title":{"rendered":"Peluche Babayagagogo"},"content":{"rendered":"<p>La peluche de la c\u00e9l\u00e8bre tortue, en fabrication maison limit\u00e9e.<\/p>\n","protected":false},"excerpt":{"rendered":"<p>La peluche de la c\u00e9l\u00e8bre tortue, en fabrication maison limit\u00e9e.<\/p>\n","protected":false},"featured_media":603,"comment_status":"open","ping_status":"closed","template":"","meta":{"_et_pb_use_builder":"","_et_pb_old_content":"","_et_gb_content_width":""},"product_brand":[],"product_cat":[33],"product_tag":[21,34,20],"class_list":{"0":"post-180","1":"product","2":"type-product","3":"status-publish","4":"has-post-thumbnail","6":"product_cat-peluche","7":"product_tag-babayagagogo","8":"product_tag-peluche","9":"product_tag-tortue","11":"first","12":"instock","13":"shipping-taxable","14":"purchasable","15":"product-type-simple"},"_links":{"self":[{"href":"https:\/\/paraboleurs.com\/edition\/wp-json\/wp\/v2\/product\/180","targetHints":{"allow":["GET"]}}],"collection":[{"href":"https:\/\/paraboleurs.com\/edition\/wp-json\/wp\/v2\/product"}],"about":[{"href":"https:\/\/paraboleurs.com\/edition\/wp-json\/wp\/v2\/types\/product"}],"replies":[{"embeddable":true,"href":"https:\/\/paraboleurs.com\/edition\/wp-json\/wp\/v2\/comments?post=180"}],"wp:featuredmedia":[{"embeddable":true,"href":"https:\/\/paraboleurs.com\/edition\/wp-json\/wp\/v2\/media\/603"}],"wp:attachment":[{"href":"https:\/\/paraboleurs.com\/edition\/wp-json\/wp\/v2\/media?parent=180"}],"wp:term":[{"taxonomy":"product_brand","embeddable":true,"href":"https:\/\/paraboleurs.com\/edition\/wp-json\/wp\/v2\/product_brand?post=180"},{"taxonomy":"product_cat","embeddable":true,"href":"https:\/\/paraboleurs.com\/edition\/wp-json\/wp\/v2\/product_cat?post=180"},{"taxonomy":"product_tag","embeddable":true,"href":"https:\/\/paraboleurs.com\/edition\/wp-json\/wp\/v2\/product_tag?post=180"}],"curies":[{"name":"wp","href":"https:\/\/api.w.org\/{rel}","templated":true}]}}