{"id":177,"date":"2024-10-29T15:11:05","date_gmt":"2024-10-29T14:11:05","guid":{"rendered":"https:\/\/paraboleurs.com\/edition\/?post_type=product&#038;p=177"},"modified":"2024-10-29T17:42:12","modified_gmt":"2024-10-29T16:42:12","slug":"petit-bateau","status":"publish","type":"product","link":"https:\/\/paraboleurs.com\/edition\/produit\/petit-bateau\/","title":{"rendered":"Petit Bateau"},"content":{"rendered":"<p>Cette courte parabole s&rsquo;adresse aux petites et grandes oreilles. Elle aborde en toute simplicit\u00e9 les th\u00e8mes du l\u00e2cher prise, de la libert\u00e9, de l&rsquo;orgeuil, des difficult\u00e9s de la vie et des moyens de les surmonter.<\/p>\n","protected":false},"excerpt":{"rendered":"<p>P&rsquo;tit bateau est amarr\u00e9 au quai, bien en s\u00e9curit\u00e9. Mais il s&rsquo;ennuie ! Va-t-il oser s&rsquo;aventurer vers le large? A quel pris ?<\/p>\n","protected":false},"featured_media":178,"comment_status":"open","ping_status":"closed","template":"","meta":{"_et_pb_use_builder":"","_et_pb_old_content":"","_et_gb_content_width":""},"product_brand":[],"product_cat":[19],"product_tag":[32,30,23,22],"class_list":{"0":"post-177","1":"product","2":"type-product","3":"status-publish","4":"has-post-thumbnail","6":"product_cat-livre-cd","7":"product_tag-bateau","8":"product_tag-conte","9":"product_tag-conte-musical","10":"product_tag-livre-cd","12":"first","13":"instock","14":"shipping-taxable","15":"purchasable","16":"product-type-simple"},"_links":{"self":[{"href":"https:\/\/paraboleurs.com\/edition\/wp-json\/wp\/v2\/product\/177","targetHints":{"allow":["GET"]}}],"collection":[{"href":"https:\/\/paraboleurs.com\/edition\/wp-json\/wp\/v2\/product"}],"about":[{"href":"https:\/\/paraboleurs.com\/edition\/wp-json\/wp\/v2\/types\/product"}],"replies":[{"embeddable":true,"href":"https:\/\/paraboleurs.com\/edition\/wp-json\/wp\/v2\/comments?post=177"}],"wp:featuredmedia":[{"embeddable":true,"href":"https:\/\/paraboleurs.com\/edition\/wp-json\/wp\/v2\/media\/178"}],"wp:attachment":[{"href":"https:\/\/paraboleurs.com\/edition\/wp-json\/wp\/v2\/media?parent=177"}],"wp:term":[{"taxonomy":"product_brand","embeddable":true,"href":"https:\/\/paraboleurs.com\/edition\/wp-json\/wp\/v2\/product_brand?post=177"},{"taxonomy":"product_cat","embeddable":true,"href":"https:\/\/paraboleurs.com\/edition\/wp-json\/wp\/v2\/product_cat?post=177"},{"taxonomy":"product_tag","embeddable":true,"href":"https:\/\/paraboleurs.com\/edition\/wp-json\/wp\/v2\/product_tag?post=177"}],"curies":[{"name":"wp","href":"https:\/\/api.w.org\/{rel}","templated":true}]}}