{"id":169,"date":"2024-10-29T14:45:12","date_gmt":"2024-10-29T13:45:12","guid":{"rendered":"https:\/\/paraboleurs.com\/edition\/?post_type=product&#038;p=169"},"modified":"2025-06-08T11:29:44","modified_gmt":"2025-06-08T09:29:44","slug":"le-petit-serpent-zwingui-zwingui","status":"publish","type":"product","link":"https:\/\/paraboleurs.com\/edition\/produit\/le-petit-serpent-zwingui-zwingui\/","title":{"rendered":"Le petit serpent Zwingui Zwingui"},"content":{"rendered":"<p>C\u2019est l\u2019histoire d\u2019un petit serpent qui se plaignait sans cesse de son corps et<br \/>\nde son sort. Il n\u2019en pouvait plus de cette mal\u00e9diction qui l\u2019obligeait \u00e0 ramper<br \/>\ndans le pipi des ouistitis et le caca des impalas ! C\u2019est pourquoi il se mettra un<br \/>\njour en qu\u00eate de pattes, pour pouvoir enfin marcher. Au bout d\u2019un long p\u00e9riple<br \/>\nparsem\u00e9 d\u2019obstacles et d\u2019emb\u00fbches, il fera une rencontre qui va enti\u00e8rement<br \/>\nle transformer et changer sa destin\u00e9e.<\/p>\n<p>Cette fable africaine est une ode \u00e0 la pers\u00e9v\u00e9rance autant qu\u2019\u00e0 la puissance de cet<br \/>\namour qui transforme les coeurs et transcende les \u00eatres.<\/p>\n<p>Retrouvez l&rsquo;audio du livre<a href=\"http:\/\/babayagagogo.com\/\"> ICI<\/a><\/p>\n","protected":false},"excerpt":{"rendered":"<p><span style=\"font-weight: 400;\">Livre accompagn\u00e9 du conte audio. Pour les enfant de 2 \u00e0 10 ans.<\/span><\/p>\n","protected":false},"featured_media":616,"comment_status":"open","ping_status":"closed","template":"","meta":{"_et_pb_use_builder":"","_et_pb_old_content":"","_et_gb_content_width":""},"product_brand":[],"product_cat":[19],"product_tag":[27,26,25],"class_list":{"0":"post-169","1":"product","2":"type-product","3":"status-publish","4":"has-post-thumbnail","6":"product_cat-livre-cd","7":"product_tag-amitie","8":"product_tag-serpent","9":"product_tag-zwingui","11":"first","12":"instock","13":"shipping-taxable","14":"purchasable","15":"product-type-simple"},"_links":{"self":[{"href":"https:\/\/paraboleurs.com\/edition\/wp-json\/wp\/v2\/product\/169","targetHints":{"allow":["GET"]}}],"collection":[{"href":"https:\/\/paraboleurs.com\/edition\/wp-json\/wp\/v2\/product"}],"about":[{"href":"https:\/\/paraboleurs.com\/edition\/wp-json\/wp\/v2\/types\/product"}],"replies":[{"embeddable":true,"href":"https:\/\/paraboleurs.com\/edition\/wp-json\/wp\/v2\/comments?post=169"}],"wp:featuredmedia":[{"embeddable":true,"href":"https:\/\/paraboleurs.com\/edition\/wp-json\/wp\/v2\/media\/616"}],"wp:attachment":[{"href":"https:\/\/paraboleurs.com\/edition\/wp-json\/wp\/v2\/media?parent=169"}],"wp:term":[{"taxonomy":"product_brand","embeddable":true,"href":"https:\/\/paraboleurs.com\/edition\/wp-json\/wp\/v2\/product_brand?post=169"},{"taxonomy":"product_cat","embeddable":true,"href":"https:\/\/paraboleurs.com\/edition\/wp-json\/wp\/v2\/product_cat?post=169"},{"taxonomy":"product_tag","embeddable":true,"href":"https:\/\/paraboleurs.com\/edition\/wp-json\/wp\/v2\/product_tag?post=169"}],"curies":[{"name":"wp","href":"https:\/\/api.w.org\/{rel}","templated":true}]}}